{"id":248,"date":"2021-12-22T18:12:46","date_gmt":"2021-12-22T18:12:46","guid":{"rendered":"https:\/\/orcish-outpost.de\/?page_id=248"},"modified":"2021-12-22T18:12:46","modified_gmt":"2021-12-22T18:12:46","slug":"haftungsausschluss","status":"publish","type":"page","link":"https:\/\/orcish-outpost.de\/?page_id=248","title":{"rendered":"HAFTUNGSAUSSCHLUSS"},"content":{"rendered":"\n<p>Trotz sorgf\u00e4ltiger inhaltlicher Kontrolle \u00fcbernimmt die M\u00fcller, Paa\u00dfen, Schmid GbR keinerlei Haftung f\u00fcr die Inhalte externer Links.<\/p>\n\n\n\n<p>F\u00fcr den Inhalt verlinkter Seiten sind ausschlie\u00dflich deren Betreiber verantwortlich.<\/p>\n","protected":false},"excerpt":{"rendered":"<p>Trotz sorgf\u00e4ltiger inhaltlicher Kontrolle \u00fcbernimmt die M\u00fcller, Paa\u00dfen, Schmid GbR keinerlei Haftung f\u00fcr die Inhalte externer Links. F\u00fcr den Inhalt verlinkter Seiten sind ausschlie\u00dflich deren Betreiber verantwortlich.<\/p>\n","protected":false},"author":1,"featured_media":0,"parent":0,"menu_order":0,"comment_status":"closed","ping_status":"closed","template":"","meta":{"footnotes":""},"class_list":["post-248","page","type-page","status-publish","hentry"],"_links":{"self":[{"href":"https:\/\/orcish-outpost.de\/index.php?rest_route=\/wp\/v2\/pages\/248","targetHints":{"allow":["GET"]}}],"collection":[{"href":"https:\/\/orcish-outpost.de\/index.php?rest_route=\/wp\/v2\/pages"}],"about":[{"href":"https:\/\/orcish-outpost.de\/index.php?rest_route=\/wp\/v2\/types\/page"}],"author":[{"embeddable":true,"href":"https:\/\/orcish-outpost.de\/index.php?rest_route=\/wp\/v2\/users\/1"}],"replies":[{"embeddable":true,"href":"https:\/\/orcish-outpost.de\/index.php?rest_route=%2Fwp%2Fv2%2Fcomments&post=248"}],"version-history":[{"count":1,"href":"https:\/\/orcish-outpost.de\/index.php?rest_route=\/wp\/v2\/pages\/248\/revisions"}],"predecessor-version":[{"id":249,"href":"https:\/\/orcish-outpost.de\/index.php?rest_route=\/wp\/v2\/pages\/248\/revisions\/249"}],"wp:attachment":[{"href":"https:\/\/orcish-outpost.de\/index.php?rest_route=%2Fwp%2Fv2%2Fmedia&parent=248"}],"curies":[{"name":"wp","href":"https:\/\/api.w.org\/{rel}","templated":true}]}}