{"id":870,"date":"2024-01-09T16:11:55","date_gmt":"2024-01-09T16:11:55","guid":{"rendered":"https:\/\/orcish-outpost.de\/?page_id=870"},"modified":"2024-01-09T16:11:55","modified_gmt":"2024-01-09T16:11:55","slug":"about","status":"publish","type":"page","link":"https:\/\/orcish-outpost.de\/?page_id=870","title":{"rendered":"ABOUT"},"content":{"rendered":"\n<h2 class=\"wp-block-heading has-text-align-center\">\u00d6ffnungszeiten:<\/h2>\n\n\n\n<p class=\"has-text-align-center\">Montag &#8211; Freitag 11:00 &#8211; 18:00 Uhr<br><br>Samstag 11:00 &#8211; 16:00 Uhr<\/p>\n\n\n\n<hr class=\"wp-block-separator has-css-opacity\"\/>\n\n\n\n<h2 class=\"wp-block-heading has-text-align-center\">Kontakt:<\/h2>\n\n\n\n<p class=\"has-text-align-center\">Telefon: 06131 &#8211; 233299<\/p>\n\n\n\n<p class=\"has-text-align-center\">eMail:  <a href=\"mailto:orc@orcish-outpost.de\"><strong>orc@orcish-outpost.de<\/strong><\/a> <\/p>\n\n\n\n<hr class=\"wp-block-separator has-css-opacity\"\/>\n\n\n\n<h2 class=\"wp-block-heading has-text-align-center\">Impressum:<\/h2>\n\n\n\n<p class=\"has-text-align-center\">Orcish Outpost<\/p>\n\n\n\n<p class=\"has-text-align-center\">M\u00fcller, Paa\u00dfen, Schmid GbR<\/p>\n\n\n\n<p class=\"has-text-align-center\">Zanggasse 7<\/p>\n\n\n\n<p class=\"has-text-align-center\">55116 Mainz<\/p>\n\n\n\n<p class=\"has-text-align-center\">Deutschland \/ Germany<\/p>\n\n\n\n<h2 class=\"wp-block-heading\">     <\/h2>\n\n\n\n<p class=\"has-text-align-center\">Telefon: 06131 &#8211; 233299<\/p>\n\n\n\n<p class=\"has-text-align-center\">eMail: <a href=\"mailto:orc@orcish-outpost.de\"><strong>orc@orcish-outpost.de<\/strong><\/a><\/p>\n\n\n\n<p class=\"has-text-align-center\">Internetadresse: http:\/\/www.orcish-outpost.de<\/p>\n\n\n\n<h2 class=\"wp-block-heading\"> <\/h2>\n\n\n\n<p class=\"has-text-align-center\">Vertreten durch die gemeinschaftlichen Gesch\u00e4ftsf\u00fchrer:<\/p>\n\n\n\n<p class=\"has-text-align-center\">Martin M\u00fcller, Anja Paa\u00dfen und Michael Schmid<\/p>\n\n\n\n<h2 class=\"wp-block-heading\"> <\/h2>\n\n\n\n<p class=\"has-text-align-center\">Umsatzsteuer-Identifikationsnummer: DE 199 116 722<\/p>\n\n\n\n<h2 class=\"wp-block-heading\"> <\/h2>\n\n\n\n<p class=\"has-text-align-center\">Haftungshinweis:<\/p>\n\n\n\n<p class=\"has-text-align-left\">Trotz sorgf\u00e4ltiger inhaltlicher Kontrolle \u00fcbernimmt die M\u00fcller, Paa\u00dfen, Schmid GbR keinerlei Haftung f\u00fcr die Inhalte externer Links.<\/p>\n\n\n\n<p class=\"has-text-align-left\">F\u00fcr den Inhalt verlinkter Seiten sind ausschlie\u00dflich deren Betreiber verantwortlich.<\/p>\n","protected":false},"excerpt":{"rendered":"<p>\u00d6ffnungszeiten: Montag &#8211; Freitag 11:00 &#8211; 18:00 Uhr Samstag 11:00 &#8211; 16:00 Uhr Kontakt: Telefon: 06131 &#8211; 233299 eMail: orc@orcish-outpost.de Impressum: Orcish Outpost M\u00fcller, Paa\u00dfen, Schmid GbR Zanggasse 7 55116 Mainz Deutschland \/ Germany Telefon: 06131 &#8211; 233299 eMail: orc@orcish-outpost.de Internetadresse: http:\/\/www.orcish-outpost.de Vertreten durch die gemeinschaftlichen Gesch\u00e4ftsf\u00fchrer: Martin M\u00fcller, Anja Paa\u00dfen und Michael Schmid Umsatzsteuer-Identifikationsnummer: [&hellip;]<\/p>\n","protected":false},"author":1,"featured_media":0,"parent":0,"menu_order":0,"comment_status":"closed","ping_status":"closed","template":"","meta":{"footnotes":""},"class_list":["post-870","page","type-page","status-publish","hentry"],"_links":{"self":[{"href":"https:\/\/orcish-outpost.de\/index.php?rest_route=\/wp\/v2\/pages\/870","targetHints":{"allow":["GET"]}}],"collection":[{"href":"https:\/\/orcish-outpost.de\/index.php?rest_route=\/wp\/v2\/pages"}],"about":[{"href":"https:\/\/orcish-outpost.de\/index.php?rest_route=\/wp\/v2\/types\/page"}],"author":[{"embeddable":true,"href":"https:\/\/orcish-outpost.de\/index.php?rest_route=\/wp\/v2\/users\/1"}],"replies":[{"embeddable":true,"href":"https:\/\/orcish-outpost.de\/index.php?rest_route=%2Fwp%2Fv2%2Fcomments&post=870"}],"version-history":[{"count":2,"href":"https:\/\/orcish-outpost.de\/index.php?rest_route=\/wp\/v2\/pages\/870\/revisions"}],"predecessor-version":[{"id":872,"href":"https:\/\/orcish-outpost.de\/index.php?rest_route=\/wp\/v2\/pages\/870\/revisions\/872"}],"wp:attachment":[{"href":"https:\/\/orcish-outpost.de\/index.php?rest_route=%2Fwp%2Fv2%2Fmedia&parent=870"}],"curies":[{"name":"wp","href":"https:\/\/api.w.org\/{rel}","templated":true}]}}